{"id":8578,"date":"2018-07-23T11:44:43","date_gmt":"2018-07-23T09:44:43","guid":{"rendered":"https:\/\/danoil.dk\/?page_id=8578"},"modified":"2020-12-16T15:20:03","modified_gmt":"2020-12-16T14:20:03","slug":"privatlivspolitik","status":"publish","type":"page","link":"https:\/\/danoil.dk\/da\/privatlivspolitik\/","title":{"rendered":"Privatlivspolitik"},"content":{"rendered":"<div class=\"fusion-fullwidth fullwidth-box fusion-builder-row-1 nonhundred-percent-fullwidth non-hundred-percent-height-scrolling\" style=\"--awb-border-radius-top-left:0px;--awb-border-radius-top-right:0px;--awb-border-radius-bottom-right:0px;--awb-border-radius-bottom-left:0px;--awb-flex-wrap:wrap;\" ><div class=\"fusion-builder-row fusion-row\"><div class=\"fusion-layout-column fusion_builder_column fusion-builder-column-0 fusion_builder_column_1_1 1_1 fusion-one-full fusion-column-first fusion-column-last\" style=\"--awb-bg-size:cover;\"><div class=\"fusion-column-wrapper fusion-flex-column-wrapper-legacy\"><div class=\"fusion-text fusion-text-1\"><p><strong>Cookies<\/strong><br \/>\nWebsitet anvender \u201dcookies\u201d, der er en tekstfil, som gemmes p\u00e5 din computer, mobil el. tilsvarende med det form\u00e5l at genkende den, huske indstillinger, udf\u00f8re statistik og m\u00e5lrette annoncer. Cookies kan ikke indeholde skadelig kode som f.eks. virus.<\/p>\n<\/div><div class=\"fusion-text fusion-text-2\"><h3><strong>Personoplysninger<\/strong><\/h3>\n<p><strong>Generelt<br \/>\n<\/strong>Personoplysninger er alle slags informationer, der i et eller andet omfang kan henf\u00f8res til dig. N\u00e5r du benytter vores danoil.dk \u00a0indsamler og behandler vi en r\u00e6kke s\u00e5danne informationer. Det sker f.eks. ved alm. tilgang af indhold, hvis du tilmelder dig vores nyhedsbrev eller sender en kontaktbesked til os.<\/p>\n<p><strong>Sikkerhed<br \/>\n<\/strong>Vi har truffet tekniske og organisatoriske foranstaltninger mod, at dine oplysninger h\u00e6ndeligt eller ulovligt bliver slettet, offentliggjort, fortabt, forringet eller kommer til uvedkommendes kendskab, misbruges eller i \u00f8vrigt behandles i strid med persondataforordningen.<\/p>\n<p>Dine data ligger p\u00e5 et dansk ISO sikkerhedscertificeret webhotel og vi har desuden beskyttet siden p\u00e5 f\u00f8lgende m\u00e5der:<\/p>\n<ul>\n<li>Driftoverv\u00e5gning 24 timer i d\u00f8gnet<\/li>\n<li>Daglig backup der gemmes 30 dage<\/li>\n<li>Anti hacking software lagt p\u00e5 hjemmesiden\/webshoppen og siden bliver skannet ugentlig for skadelig software<\/li>\n<li>Tilgang til side og data overv\u00e5ges og der lukkes for tilgang efter 5 mislykkede fors\u00f8g.<\/li>\n<li>Audit log over hvem\/hvad\/hvorn\u00e5r der er lavet \u00e6ndringer p\u00e5 siden<\/li>\n<li>L\u00f8bende opdatering af sidens software for at minimere hackingsangreb<\/li>\n<li>SSL certifikat lagt p\u00e5 siden s\u00e5 den k\u00f8rer https<\/li>\n<\/ul>\n<p><strong>Periode for opbevaring<br \/>\n<\/strong>Oplysningerne opbevares i det tidsrum, der er tilladt i henhold til lovgivningen, og vi sletter dem, n\u00e5r de ikke l\u00e6ngere er n\u00f8dvendige. Perioden afh\u00e6nger af karakteren af oplysningen og baggrunden for opbevaring. Det er derfor ikke muligt at angive en generel tidsramme for, hvorn\u00e5r informationer slettes.<\/p>\n<p><strong>Videregivelse af oplysninger<br \/>\n<\/strong>Videregivelse af personoplysninger som navn og e-mail m.v. vil kun ske, hvis du giver skriftlige samtykke til det. Vi anvender kun databehandlere i EU og alle er der lavet databehandler aftale med.<\/p>\n<p><strong>Indsigt og klager<br \/>\n<\/strong>Du har ret til at f\u00e5 oplyst, hvilke personoplysninger, vi behandler om dig. Du kan desuden til enhver tid g\u00f8re indsigelse mod, at oplysninger anvendes. Du kan ogs\u00e5 tilbagekalde dit samtykke til, at der bliver behandlet oplysninger om dig. Hvis de oplysninger, der behandles om dig, er forkerte har du ret til at de bliver rettet eller slettet. Henvendelse herom kan ske til: <a href=\"mailto:slc@danoil.dk\" target=\"_blank\" rel=\"noopener noreferrer\">slc@danoil.dk<\/a>. Hvis du vil klage over vores behandling af dine personoplysninger, har du ogs\u00e5 mulighed for at tage kontakt til\u00a0<a href=\"http:\/\/www.datatilsynet.dk\/\">Datatilsynet<\/a>.<\/p>\n<p><strong>Udgiver<br \/>\n<\/strong>Websitet ejes og publiceres af:<\/p>\n<p>Danoil Exploration A\/S<\/p>\n<p>Telefon: 89 32 22 02<br \/>\nEmail: <a href=\"mailto:slc@danoil.dk\">slc@danoil.dk<\/a><\/p>\n<\/div><div class=\"fusion-clearfix\"><\/div><\/div><\/div><\/div><\/div>\n","protected":false},"excerpt":{"rendered":"","protected":false},"author":1,"featured_media":0,"parent":0,"menu_order":0,"comment_status":"closed","ping_status":"closed","template":"","meta":{"inline_featured_image":false,"footnotes":""},"class_list":["post-8578","page","type-page","status-publish","hentry"],"yoast_head":"<!-- This site is optimized with the Yoast SEO plugin v24.0 - https:\/\/yoast.com\/wordpress\/plugins\/seo\/ -->\n<title>Privatlivspolitik - Danoil<\/title>\n<meta name=\"robots\" content=\"index, follow, max-snippet:-1, max-image-preview:large, max-video-preview:-1\" \/>\n<link rel=\"canonical\" href=\"https:\/\/danoil.dk\/da\/privatlivspolitik\/\" \/>\n<meta property=\"og:locale\" content=\"da_DK\" \/>\n<meta property=\"og:type\" content=\"article\" \/>\n<meta property=\"og:title\" content=\"Privatlivspolitik - Danoil\" \/>\n<meta property=\"og:url\" content=\"https:\/\/danoil.dk\/da\/privatlivspolitik\/\" \/>\n<meta property=\"og:site_name\" content=\"Danoil\" \/>\n<meta property=\"article:modified_time\" content=\"2020-12-16T14:20:03+00:00\" \/>\n<meta name=\"twitter:label1\" content=\"Estimeret l\u00e6setid\" \/>\n\t<meta name=\"twitter:data1\" content=\"4 minutter\" \/>\n<script type=\"application\/ld+json\" class=\"yoast-schema-graph\">{\"@context\":\"https:\/\/schema.org\",\"@graph\":[{\"@type\":\"WebPage\",\"@id\":\"https:\/\/danoil.dk\/da\/privatlivspolitik\/\",\"url\":\"https:\/\/danoil.dk\/da\/privatlivspolitik\/\",\"name\":\"Privatlivspolitik - Danoil\",\"isPartOf\":{\"@id\":\"https:\/\/danoil.dk\/#website\"},\"datePublished\":\"2018-07-23T09:44:43+00:00\",\"dateModified\":\"2020-12-16T14:20:03+00:00\",\"breadcrumb\":{\"@id\":\"https:\/\/danoil.dk\/da\/privatlivspolitik\/#breadcrumb\"},\"inLanguage\":\"da-DK\",\"potentialAction\":[{\"@type\":\"ReadAction\",\"target\":[\"https:\/\/danoil.dk\/da\/privatlivspolitik\/\"]}]},{\"@type\":\"BreadcrumbList\",\"@id\":\"https:\/\/danoil.dk\/da\/privatlivspolitik\/#breadcrumb\",\"itemListElement\":[{\"@type\":\"ListItem\",\"position\":1,\"name\":\"Home\",\"item\":\"https:\/\/danoil.dk\/da\/\"},{\"@type\":\"ListItem\",\"position\":2,\"name\":\"Privatlivspolitik\"}]},{\"@type\":\"WebSite\",\"@id\":\"https:\/\/danoil.dk\/#website\",\"url\":\"https:\/\/danoil.dk\/\",\"name\":\"Danoil\",\"description\":\"North sea oil is part of our future\",\"potentialAction\":[{\"@type\":\"SearchAction\",\"target\":{\"@type\":\"EntryPoint\",\"urlTemplate\":\"https:\/\/danoil.dk\/?s={search_term_string}\"},\"query-input\":{\"@type\":\"PropertyValueSpecification\",\"valueRequired\":true,\"valueName\":\"search_term_string\"}}],\"inLanguage\":\"da-DK\"}]}<\/script>\n<!-- \/ Yoast SEO plugin. -->","yoast_head_json":{"title":"Privatlivspolitik - Danoil","robots":{"index":"index","follow":"follow","max-snippet":"max-snippet:-1","max-image-preview":"max-image-preview:large","max-video-preview":"max-video-preview:-1"},"canonical":"https:\/\/danoil.dk\/da\/privatlivspolitik\/","og_locale":"da_DK","og_type":"article","og_title":"Privatlivspolitik - Danoil","og_url":"https:\/\/danoil.dk\/da\/privatlivspolitik\/","og_site_name":"Danoil","article_modified_time":"2020-12-16T14:20:03+00:00","twitter_misc":{"Estimeret l\u00e6setid":"4 minutter"},"schema":{"@context":"https:\/\/schema.org","@graph":[{"@type":"WebPage","@id":"https:\/\/danoil.dk\/da\/privatlivspolitik\/","url":"https:\/\/danoil.dk\/da\/privatlivspolitik\/","name":"Privatlivspolitik - Danoil","isPartOf":{"@id":"https:\/\/danoil.dk\/#website"},"datePublished":"2018-07-23T09:44:43+00:00","dateModified":"2020-12-16T14:20:03+00:00","breadcrumb":{"@id":"https:\/\/danoil.dk\/da\/privatlivspolitik\/#breadcrumb"},"inLanguage":"da-DK","potentialAction":[{"@type":"ReadAction","target":["https:\/\/danoil.dk\/da\/privatlivspolitik\/"]}]},{"@type":"BreadcrumbList","@id":"https:\/\/danoil.dk\/da\/privatlivspolitik\/#breadcrumb","itemListElement":[{"@type":"ListItem","position":1,"name":"Home","item":"https:\/\/danoil.dk\/da\/"},{"@type":"ListItem","position":2,"name":"Privatlivspolitik"}]},{"@type":"WebSite","@id":"https:\/\/danoil.dk\/#website","url":"https:\/\/danoil.dk\/","name":"Danoil","description":"North sea oil is part of our future","potentialAction":[{"@type":"SearchAction","target":{"@type":"EntryPoint","urlTemplate":"https:\/\/danoil.dk\/?s={search_term_string}"},"query-input":{"@type":"PropertyValueSpecification","valueRequired":true,"valueName":"search_term_string"}}],"inLanguage":"da-DK"}]}},"_links":{"self":[{"href":"https:\/\/danoil.dk\/da\/wp-json\/wp\/v2\/pages\/8578","targetHints":{"allow":["GET"]}}],"collection":[{"href":"https:\/\/danoil.dk\/da\/wp-json\/wp\/v2\/pages"}],"about":[{"href":"https:\/\/danoil.dk\/da\/wp-json\/wp\/v2\/types\/page"}],"author":[{"embeddable":true,"href":"https:\/\/danoil.dk\/da\/wp-json\/wp\/v2\/users\/1"}],"replies":[{"embeddable":true,"href":"https:\/\/danoil.dk\/da\/wp-json\/wp\/v2\/comments?post=8578"}],"version-history":[{"count":6,"href":"https:\/\/danoil.dk\/da\/wp-json\/wp\/v2\/pages\/8578\/revisions"}],"predecessor-version":[{"id":8890,"href":"https:\/\/danoil.dk\/da\/wp-json\/wp\/v2\/pages\/8578\/revisions\/8890"}],"wp:attachment":[{"href":"https:\/\/danoil.dk\/da\/wp-json\/wp\/v2\/media?parent=8578"}],"curies":[{"name":"wp","href":"https:\/\/api.w.org\/{rel}","templated":true}]}}