{"id":308,"date":"2014-12-05T12:15:12","date_gmt":"2014-12-05T11:15:12","guid":{"rendered":"http:\/\/danoil.dk\/?page_id=308"},"modified":"2018-06-27T13:52:49","modified_gmt":"2018-06-27T11:52:49","slug":"ejere","status":"publish","type":"page","link":"https:\/\/danoil.dk\/da\/ejere\/","title":{"rendered":"Ejere"},"content":{"rendered":"<p><strong>OK a.m.b.a<\/strong>.<\/p>\n<p><span style=\"font-weight: 400;\">OK er et dansk, landsd\u00e6kkende og forbrugerejet energiselskab. OK-k\u00e6den omfatter godt 700 tankstationer. De fleste OK-tankstationer findes ved\u00a0brugsforeninger og Coop-butikker. Vi forsyner boligejere, landbrug, industri og erhvervsliv samt det offentlige med br\u00e6ndstof, sm\u00f8remidler, olie, el og gas til opvarmning og procesenergi.<\/span><\/p>\n<p><span style=\"font-weight: 400;\">Desuden dimensionerer, leverer og installerer OK jordvarmeanl\u00e6g, varmepumper til private og erhverv, samt yder teknisk service. I tilknytning til OK\u2019s aktiviteter p\u00e5 bilistmarkedet s\u00e6lger OK desuden forsikring og mobiltelefoni. Endelig st\u00f8tter vi flere end 1.300 sportsklubber og foreninger i Danmark gennem vores salg af benzin og el.<\/span><\/p>\n<p>L\u00e6s mere om OK\u00a0<a href=\"http:\/\/www.ok.dk\/om-ok\/\" target=\"_blank\" rel=\"noopener\">HER<\/a><\/p>\n","protected":false},"excerpt":{"rendered":"<p>OK a.m.b.a. OK er et dansk, landsd\u00e6kkende og forbrugerejet energiselskab. OK-k\u00e6den omfatter godt 700 tankstationer. De fleste OK-tankstationer findes ved\u00a0brugsforeninger og Coop-butikker. Vi forsyner boligejere, landbrug, industri og erhvervsliv samt det offentlige med br\u00e6ndstof, sm\u00f8remidler, olie, el og gas til opvarmning og procesenergi. Desuden dimensionerer, leverer og installerer OK jordvarmeanl\u00e6g, varmepumper til private og erhverv,  [&#8230;]<\/p>\n","protected":false},"author":1,"featured_media":0,"parent":0,"menu_order":0,"comment_status":"open","ping_status":"closed","template":"","meta":{"inline_featured_image":false,"footnotes":""},"class_list":["post-308","page","type-page","status-publish","hentry"],"yoast_head":"<!-- This site is optimized with the Yoast SEO plugin v24.0 - https:\/\/yoast.com\/wordpress\/plugins\/seo\/ -->\n<title>Ejere - Danoil<\/title>\n<meta name=\"robots\" content=\"index, follow, max-snippet:-1, max-image-preview:large, max-video-preview:-1\" \/>\n<link rel=\"canonical\" href=\"https:\/\/danoil.dk\/da\/ejere\/\" \/>\n<meta property=\"og:locale\" content=\"da_DK\" \/>\n<meta property=\"og:type\" content=\"article\" \/>\n<meta property=\"og:title\" content=\"Ejere - Danoil\" \/>\n<meta property=\"og:description\" content=\"OK a.m.b.a. OK er et dansk, landsd\u00e6kkende og forbrugerejet energiselskab. OK-k\u00e6den omfatter godt 700 tankstationer. De fleste OK-tankstationer findes ved\u00a0brugsforeninger og Coop-butikker. Vi forsyner boligejere, landbrug, industri og erhvervsliv samt det offentlige med br\u00e6ndstof, sm\u00f8remidler, olie, el og gas til opvarmning og procesenergi. Desuden dimensionerer, leverer og installerer OK jordvarmeanl\u00e6g, varmepumper til private og erhverv, [...]\" \/>\n<meta property=\"og:url\" content=\"https:\/\/danoil.dk\/da\/ejere\/\" \/>\n<meta property=\"og:site_name\" content=\"Danoil\" \/>\n<meta property=\"article:modified_time\" content=\"2018-06-27T11:52:49+00:00\" \/>\n<meta name=\"twitter:label1\" content=\"Estimeret l\u00e6setid\" \/>\n\t<meta name=\"twitter:data1\" content=\"1 minut\" \/>\n<script type=\"application\/ld+json\" class=\"yoast-schema-graph\">{\"@context\":\"https:\/\/schema.org\",\"@graph\":[{\"@type\":\"WebPage\",\"@id\":\"https:\/\/danoil.dk\/da\/ejere\/\",\"url\":\"https:\/\/danoil.dk\/da\/ejere\/\",\"name\":\"Ejere - Danoil\",\"isPartOf\":{\"@id\":\"https:\/\/danoil.dk\/#website\"},\"datePublished\":\"2014-12-05T11:15:12+00:00\",\"dateModified\":\"2018-06-27T11:52:49+00:00\",\"breadcrumb\":{\"@id\":\"https:\/\/danoil.dk\/da\/ejere\/#breadcrumb\"},\"inLanguage\":\"da-DK\",\"potentialAction\":[{\"@type\":\"ReadAction\",\"target\":[\"https:\/\/danoil.dk\/da\/ejere\/\"]}]},{\"@type\":\"BreadcrumbList\",\"@id\":\"https:\/\/danoil.dk\/da\/ejere\/#breadcrumb\",\"itemListElement\":[{\"@type\":\"ListItem\",\"position\":1,\"name\":\"Home\",\"item\":\"https:\/\/danoil.dk\/da\/\"},{\"@type\":\"ListItem\",\"position\":2,\"name\":\"Ejere\"}]},{\"@type\":\"WebSite\",\"@id\":\"https:\/\/danoil.dk\/#website\",\"url\":\"https:\/\/danoil.dk\/\",\"name\":\"Danoil\",\"description\":\"North sea oil is part of our future\",\"potentialAction\":[{\"@type\":\"SearchAction\",\"target\":{\"@type\":\"EntryPoint\",\"urlTemplate\":\"https:\/\/danoil.dk\/?s={search_term_string}\"},\"query-input\":{\"@type\":\"PropertyValueSpecification\",\"valueRequired\":true,\"valueName\":\"search_term_string\"}}],\"inLanguage\":\"da-DK\"}]}<\/script>\n<!-- \/ Yoast SEO plugin. -->","yoast_head_json":{"title":"Ejere - Danoil","robots":{"index":"index","follow":"follow","max-snippet":"max-snippet:-1","max-image-preview":"max-image-preview:large","max-video-preview":"max-video-preview:-1"},"canonical":"https:\/\/danoil.dk\/da\/ejere\/","og_locale":"da_DK","og_type":"article","og_title":"Ejere - Danoil","og_description":"OK a.m.b.a. OK er et dansk, landsd\u00e6kkende og forbrugerejet energiselskab. OK-k\u00e6den omfatter godt 700 tankstationer. De fleste OK-tankstationer findes ved\u00a0brugsforeninger og Coop-butikker. Vi forsyner boligejere, landbrug, industri og erhvervsliv samt det offentlige med br\u00e6ndstof, sm\u00f8remidler, olie, el og gas til opvarmning og procesenergi. Desuden dimensionerer, leverer og installerer OK jordvarmeanl\u00e6g, varmepumper til private og erhverv, [...]","og_url":"https:\/\/danoil.dk\/da\/ejere\/","og_site_name":"Danoil","article_modified_time":"2018-06-27T11:52:49+00:00","twitter_misc":{"Estimeret l\u00e6setid":"1 minut"},"schema":{"@context":"https:\/\/schema.org","@graph":[{"@type":"WebPage","@id":"https:\/\/danoil.dk\/da\/ejere\/","url":"https:\/\/danoil.dk\/da\/ejere\/","name":"Ejere - Danoil","isPartOf":{"@id":"https:\/\/danoil.dk\/#website"},"datePublished":"2014-12-05T11:15:12+00:00","dateModified":"2018-06-27T11:52:49+00:00","breadcrumb":{"@id":"https:\/\/danoil.dk\/da\/ejere\/#breadcrumb"},"inLanguage":"da-DK","potentialAction":[{"@type":"ReadAction","target":["https:\/\/danoil.dk\/da\/ejere\/"]}]},{"@type":"BreadcrumbList","@id":"https:\/\/danoil.dk\/da\/ejere\/#breadcrumb","itemListElement":[{"@type":"ListItem","position":1,"name":"Home","item":"https:\/\/danoil.dk\/da\/"},{"@type":"ListItem","position":2,"name":"Ejere"}]},{"@type":"WebSite","@id":"https:\/\/danoil.dk\/#website","url":"https:\/\/danoil.dk\/","name":"Danoil","description":"North sea oil is part of our future","potentialAction":[{"@type":"SearchAction","target":{"@type":"EntryPoint","urlTemplate":"https:\/\/danoil.dk\/?s={search_term_string}"},"query-input":{"@type":"PropertyValueSpecification","valueRequired":true,"valueName":"search_term_string"}}],"inLanguage":"da-DK"}]}},"_links":{"self":[{"href":"https:\/\/danoil.dk\/da\/wp-json\/wp\/v2\/pages\/308","targetHints":{"allow":["GET"]}}],"collection":[{"href":"https:\/\/danoil.dk\/da\/wp-json\/wp\/v2\/pages"}],"about":[{"href":"https:\/\/danoil.dk\/da\/wp-json\/wp\/v2\/types\/page"}],"author":[{"embeddable":true,"href":"https:\/\/danoil.dk\/da\/wp-json\/wp\/v2\/users\/1"}],"replies":[{"embeddable":true,"href":"https:\/\/danoil.dk\/da\/wp-json\/wp\/v2\/comments?post=308"}],"version-history":[{"count":9,"href":"https:\/\/danoil.dk\/da\/wp-json\/wp\/v2\/pages\/308\/revisions"}],"predecessor-version":[{"id":8280,"href":"https:\/\/danoil.dk\/da\/wp-json\/wp\/v2\/pages\/308\/revisions\/8280"}],"wp:attachment":[{"href":"https:\/\/danoil.dk\/da\/wp-json\/wp\/v2\/media?parent=308"}],"curies":[{"name":"wp","href":"https:\/\/api.w.org\/{rel}","templated":true}]}}