{"id":299,"date":"2014-12-05T12:10:50","date_gmt":"2014-12-05T11:10:50","guid":{"rendered":"http:\/\/danoil.dk\/?page_id=299"},"modified":"2024-01-25T14:17:16","modified_gmt":"2024-01-25T13:17:16","slug":"historie","status":"publish","type":"page","link":"https:\/\/danoil.dk\/da\/om-os\/historie\/","title":{"rendered":"Historie"},"content":{"rendered":"<p>&nbsp;<\/p>\n<div class=\"fusion-table table-1\">\n<table width=\"100%\">\n<thead>\n<tr>\n<th>\u00c5r<\/th>\n<th>Begivenhed<\/th>\n<th>Resultat<\/th>\n<\/tr>\n<\/thead>\n<tbody>\n<tr>\n<td>1982<\/td>\n<td>Oph\u00e6velse af Eneretsbevillingen af 1962 og vedtagelsen af Undergrundsloven<\/td>\n<td>Den Danske undergrund \u00e5bnes for Olie og Gas efterforskning for nye selskaber.<\/td>\n<\/tr>\n<tr>\n<td>1983<\/td>\n<td>Efter oph\u00e6velsen af Eneretsbevillingen \u00f8nsker Olieselskabet Danmark (senere OK) at udvide sine aktiviteter ind i olieefterforskning. Derfor g\u00e5r man sammen med DLG og Sparekassen SDS sammen med olieselskaberne Britoil og Amerada Hess ind i et samarbejde, med henblik p\u00e5 at f\u00e5 tildelt licenser i den annoncerede 1. udbudsrunde, der planl\u00e6gges i 1984.<\/td>\n<td>22\/6-1983 danne Olieselskabet Danmark f\u00f8rste partnerskab med Britoil, Amerada Hess og DLG<\/td>\n<\/tr>\n<tr>\n<td>1984<\/td>\n<td>Olieselskabet Danmark f\u00e5r, som partner i Britoil gruppen, sine f\u00f8rste to licenser i f\u00f8rste udbudsrunde, en i Nords\u00f8en og en p\u00e5 land, ved S\u00e6by i Jylland.<\/p>\n<p>Olieselskabet Danmark deltager i sin f\u00f8rste efterforskningsboring, <strong>Iris-1<\/strong>, i Nords\u00f8en<\/td>\n<td>Licens 8\/84 og 9\/84 tildeles<\/p>\n<p><strong>Iris-1<\/strong> p\u00e5viser sport af kulbrinter, men ikke kommercielle<\/td>\n<\/tr>\n<tr>\n<td>1985<\/td>\n<td>Olieselskabet Danmark deltager i efterforskningsboringen <strong>S\u00e6by-1<\/strong>, p\u00e5 land, ved S\u00e6by i Nordjylland.<\/td>\n<td><strong>S\u00e6by-1<\/strong> finder ingen spor af kulbrinter<\/td>\n<\/tr>\n<tr>\n<td>1986<\/td>\n<td>I 1985 danner Olieselskabet Danmark a.m.b.a , sammen med DLG a.m.b.a. og Sparekassen SDS selskabet \u2019Dansk Olies\u00f8gning\u2019 med henblik p\u00e5 deltagelse i 2. udbudsrunde.<\/p>\n<p>Dansk Olies\u00f8gning g\u00e5r sammen med Norsk Hydro, Texas Eastern og Amerada Hess, om ans\u00f8gninger i runden.<\/p>\n<p>Gruppen tildeles i 2. udbudsrunde <s>4<\/s> nye licenser, to i Nords\u00f8en og to ved for Bornholm.<\/p>\n<p>Statens selskab DOPAS og det privatejede DENERCO indplaceres i alle grupper ved tildeling af licenser<\/td>\n<td>Licens 3\/86, 4\/86, 5\/86 og 6\/86 tildeles<\/td>\n<\/tr>\n<tr>\n<td>1987<\/td>\n<td>Danoil stiftes som 100 % ejet datterselskab af Olieselskaber Danmark, nu OK.<\/p>\n<p>I december p\u00e5begyndes boring i 5603\/28, <strong>Jeppe-1<\/strong><\/td>\n<td>Danoil Exploration A\/S etableres<\/td>\n<\/tr>\n<tr>\n<td>1988<\/td>\n<td><strong>Jeppe-1<\/strong> afsluttes.<\/p>\n<p><strong>Tordenskjold-1<\/strong> boringen i blok 5503-2 p\u00e5begyndes<\/td>\n<td><strong>Jeppe-1<\/strong> finder kun mindre m\u00e6ngder af olie og gas i meget t\u00e6tte sandsten.<\/td>\n<\/tr>\n<tr>\n<td>1989<\/td>\n<td><strong>Tordenskjold-1<\/strong> afsluttes.<\/p>\n<p>Der bores en boring vest for Bornholm, <strong>Pernille-1<\/strong><\/td>\n<td><strong>Tordenskjold-1<\/strong> finder kun svage spor af gas.<\/p>\n<p><strong>Pernille-1<\/strong> finder ingen spor af olie eller gas<\/td>\n<\/tr>\n<tr>\n<td>1989<\/td>\n<td>Danoil deltager igen i Norsk Hydro gruppens ans\u00f8gninger i 3. udbudsrunde. Gruppen best\u00e5r i denne udbudsrunde af selskaberne Norsk Hydro, British Gas, Du Pont, Danoil og KFK. Gruppen tildeles to nye licenser.<\/p>\n<p>DOPAS og DENERCO indplaceres igen i denne runde i alle licenser.<\/td>\n<td>Licens 7\/89 og 8\/89 tildeles.<\/td>\n<\/tr>\n<tr>\n<td>1990<\/td>\n<td>De to licenser fra f\u00f8rste runde, 8\/84 og 9\/84, og de to licenser fra 2. runde ved Bornholm, 5\/86 og 6\/86, tilbageleveres.<\/td>\n<td>Danoil har nu andele i 2 licenser fra 2. runde og 2 fra 3. runde.<\/td>\n<\/tr>\n<tr>\n<td>1991<\/td>\n<td>I licens 7\/89 bores <strong>Baron-1<\/strong>. Denne lukkes p\u00e5 grund af tekniske problemer i tophul. Herefter bores <strong>Baron-2<\/strong>.<\/p>\n<p>Det er de eneste br\u00f8nde i Danmark der er boret med en flydende borerig, M\u00e6rsk Jutlander.<\/p>\n<p><img decoding=\"async\" width=\"265\" height=\"266\" class=\"wp-image-9023\" src=\"https:\/\/danoil.dk\/wp-content\/uploads\/2024\/01\/word-image-9020-1.png\" srcset=\"https:\/\/danoil.dk\/wp-content\/uploads\/2024\/01\/word-image-9020-1-66x66.png 66w, https:\/\/danoil.dk\/wp-content\/uploads\/2024\/01\/word-image-9020-1-150x150.png 150w, https:\/\/danoil.dk\/wp-content\/uploads\/2024\/01\/word-image-9020-1-200x201.png 200w, https:\/\/danoil.dk\/wp-content\/uploads\/2024\/01\/word-image-9020-1.png 265w\" sizes=\"(max-width: 265px) 100vw, 265px\" \/><\/td>\n<td><strong>Baron-1<\/strong> finder olie og gas i \u00d8vre Kridt kalk. Fundet evalueres.<\/td>\n<\/tr>\n<tr>\n<td>1992<\/td>\n<td>I Licens 8\/89 bores <strong>Bertel-1<\/strong> efterforskningsboringen<\/td>\n<td><strong>Bertel-1<\/strong> finder Trias sand med h\u00f8jt indhold af olie. Fundet evalueres.<\/td>\n<\/tr>\n<tr>\n<td>1994<\/td>\n<td>Amerada Hess k\u00f8ber Norsk Hydros olie og gas aktiviteter i Danmark og bliver hermed Operat\u00f8r for Licens 7\/89 og 8\/89<\/td>\n<td><\/td>\n<\/tr>\n<tr>\n<td>1994<\/td>\n<td>De to sidste licenser fra 2. udbudsrunde, 3\/86 og 4\/86, tilbageleveres<\/td>\n<td><\/td>\n<\/tr>\n<tr>\n<td>1995<\/td>\n<td>I Licens 7\/89 bores <strong>Rigs-1<\/strong> efterforskningsboringen<\/td>\n<td><strong>Rigs-1<\/strong> afsluttes i begyndelsen af 1995 med fund af olie og gas i \u00f8vre kridt kalk. Fundet evalueres.<\/td>\n<\/tr>\n<tr>\n<td>1995<\/td>\n<td>Danoil deltager i Hess gruppens ans\u00f8gning i 4. udbudsrunde og tildeles en licens. Gruppen best\u00e5r af Hess, Danoil og DENERCO. DOPAS indplaceres i gruppen ved tildeling.<\/td>\n<td>Licens 2\/95 tildeles<\/td>\n<\/tr>\n<tr>\n<td>1996<\/td>\n<td>Der bores en vurderingsboring, <strong>Rigs-2<\/strong>, p\u00e5 baggrund af resultaterne af <strong>Rigs-1<\/strong>.<\/td>\n<td>Den 16. april 1996 erkl\u00e6res <strong>Syd Arne<\/strong> feltet i licens 7\/89 kommercielt, med Amerada Hess som operat\u00f8r. Danoils andel er 1,81%<\/td>\n<\/tr>\n<tr>\n<td>1997<\/td>\n<td>Fundet <strong>Bertel<\/strong> i licens 8\/89 og 2\/95 erkl\u00e6res kommercielt<\/td>\n<td><\/td>\n<\/tr>\n<tr>\n<td>1997<\/td>\n<td><strong>Syd Ar<\/strong>ne feltet besluttes udbygget med en betonlagertank og topside. Anl\u00e6gget bygges i Skotland. Planen indeholder ligeledes 7 produktionsboringer.<\/td>\n<td><strong>Syd Arne Fase I<\/strong> &#8211; Reserver 89 mio. bbl olie og 4,3 mia. m3 gas<\/td>\n<\/tr>\n<tr>\n<td>1997<\/td>\n<td>P\u00e5 grund af beslutningen om udbygningen af <strong>Syd Arne<\/strong> feltet, og st\u00f8rrelsen af den forventede produktion, reduceres Danoils andel af licens 7\/89 til 1,58 % som f\u00f8lge af den s\u00e5kaldte glideskala, der giver DONG ret til at for\u00f8ge sin andel indenfor visse rammer.<\/td>\n<td>Danoils andel i licens 7\/89 <strong>Syd Arne<\/strong> reduceres til 1,58%<\/td>\n<\/tr>\n<tr>\n<td>1999<\/td>\n<td>First oil fra <strong>Syd Arne<\/strong> 25\/7-99 og first gas 9\/11-99.<\/p>\n<p>Analyse af muligheden for anvendelse af vandinjektion p\u00e5 feltet igangs\u00e6ttes.<\/td>\n<td>F\u00f8rste \u00e5r med positivt driftsresultat i Danoil<\/td>\n<\/tr>\n<tr>\n<td>1999<\/td>\n<td>Afgr\u00e6nsningsbr\u00f8nden <strong>Modi-1<\/strong> bores p\u00e5 \u00f8stside af <strong>Syd Arne<\/strong> feltet.<\/td>\n<td><strong>Modi-1<\/strong> finder kun spor af kulbrinter i \u00d8vre Kridt kalken.<\/td>\n<\/tr>\n<tr>\n<td>2000<\/td>\n<td>Der udf\u00f8res test med den f\u00f8rste vandinjektion p\u00e5 <strong>Syd Arne<\/strong> feltet. Denne test viser at vandinjektion i reservoiret kan \u00f8ge indvindingen af olie og gas betydeligt.<\/td>\n<td><\/td>\n<\/tr>\n<tr>\n<td>2001<\/td>\n<td>Der vedtages en udbygningsplan for fuld implementering af vandinjektion i <strong>Syd Arne<\/strong> feltet og der forventes nu mere end en fordobling af reserverne i forhold til den oprindelige udbygningsplan.<\/p>\n<p>Antallet af produktionsboringer \u00f8ges til 16 br\u00f8nde.<\/td>\n<td><strong>Syd Arne fase II<\/strong> \u2013 Reserver \u00f8ges til 190 mio. bbl olie og 8,8 mia. m3 gas<\/td>\n<\/tr>\n<tr>\n<td>2003<\/td>\n<td><strong>Katherine-1<\/strong> vurderingsboringen p\u00e5 Syd Arnes syd\u00f8stlige flanke bekr\u00e6fter forventninger til reservoiregenskaber, men br\u00f8nden testes ikke hvilket m\u00e5ske kunne have sparet udgiften til den senere <strong>SA-17<\/strong> der producerer vand i nogle \u00e5r og siden lukkes ned.<\/td>\n<td><strong>Katherine-1<\/strong> finder \u00d8vre Kridt kalk p\u00e5 syd\u00f8st siden af <strong>Syd Arne<\/strong> feltet med betydeligt indhold af olie og gas.<\/td>\n<\/tr>\n<tr>\n<td>2003<\/td>\n<td>Efterforskningsbr\u00f8nden <strong>Jette-1<\/strong> bores i licens 7\/89<\/td>\n<td><strong>Jette-1<\/strong> finder godt reservoir uden spor af olie eller gas.<\/td>\n<\/tr>\n<tr>\n<td>2003<\/td>\n<td>Efterforskningsbr\u00f8nden <strong>Ophelia-1<\/strong> bores i licens 8\/89<\/td>\n<td><strong>Ophelia-1<\/strong> finder spor af olie i t\u00e6t Jura sandsten<\/td>\n<\/tr>\n<tr>\n<td>2004<\/td>\n<td>Det konkluderes efter langvarig vurdering at <strong>Bertel<\/strong> fundet alligevel ikke er kommercielt, hvorefter licenserne 8\/89 og 2\/95 tilbageleveres.<\/td>\n<td>Danoil har nu kun 1 licens tilbage, Licens 7\/89 med<strong> Syd Arne<\/strong> feltet<\/td>\n<\/tr>\n<tr>\n<td>2005<\/td>\n<td>Syd Arne gruppen ans\u00f8ger i 6. runde om en licens umiddelbart syd for Syd Arne feltet.<\/td>\n<td>Licens 2\/06 tildeles<\/td>\n<\/tr>\n<tr>\n<td>2006<\/td>\n<td>Nord for <strong>Syd Arne<\/strong> feltet bores <strong>Rigs-3<\/strong> vurderingsboringen for at vurdere potentialet for en udbygning imod nord. Omr\u00e5det er meget opdelt af forkastninger og det er n\u00f8dvendigt at bore yderligere tre sidetracks.<\/td>\n<td><strong>Rigs-3<\/strong> Bekr\u00e6fter at <strong>Syd Arne<\/strong> feltet str\u00e6kker sig v\u00e6sentlig l\u00e6ngere mod nord end hidtil antaget.<\/td>\n<\/tr>\n<tr>\n<td>2006-10<\/td>\n<td>Det besluttes at bore en r\u00e6kke in-fill br\u00f8nde i <strong>Syd Arne<\/strong> feltet. F\u00f8rst <strong>SA-17<\/strong>, <strong>18<\/strong> og <strong>19<\/strong>. Efter kort tids produktion besluttes det at lukke <strong>SA-17<\/strong>, og bore <strong>SA-20<\/strong> og <strong>21<\/strong>. Der er herefter ikke plads til flere produktionsboringer p\u00e5 <strong>Syd Arne<\/strong> platformen.<\/td>\n<td><strong>Syd Arne<\/strong> In-fill \u2013 Reserver \u00f8ges til 199,8 mio. bbl olie og 10,7 mia. m3 gas<\/td>\n<\/tr>\n<tr>\n<td>2008<\/td>\n<td>Afgr\u00e6nsningsboringen <strong>Rigs-4<\/strong> bores i licens 02\/06 Syd Tor, men resultatet skuffer og br\u00f8nden lukkes.<\/td>\n<td><strong>Rigs-4<\/strong> finder kun svage spor af olie og gas p\u00e5 syd flanken af Syd Arne feltet<\/td>\n<\/tr>\n<tr>\n<td>2008<\/td>\n<td>Danoil beslutter strategisk at udvide aktiviteten efter en \u00e5rr\u00e6kke med faldende aktivitet og tilbagelevering af efterforskningslicenser.<\/p>\n<p>F\u00f8rste nye initiativ bliver overtagelsen af 10% andel i den kombinerede licens Gita 9\/06 og Maja 9\/95 fra Shell. Allerede samme \u00e5r p\u00e5begyndes efterforskningsboringen <strong>Gita-1<\/strong>, Danoils f\u00f8rste HPHT-br\u00f8nd<\/td>\n<td>Samarbejde med r\u00e5dgivnings-firmaet Spexmac A\/S indledes p\u00e5 denne baggrund.<\/p>\n<p>Danoil indtr\u00e6der i licens 9\/95 og 9\/06<\/td>\n<\/tr>\n<tr>\n<td>2009<\/td>\n<td>Resultatet af <strong>Gita-1<\/strong> er meget usikkert og partnere har forskellig opfattelser af resultatet, hvilket f\u00f8rer til en r\u00e6kke mere eller mindre modsigende pressemeddelelser. Danoils vurdering er at reservoiret formentlig er for t\u00e6t til kommerciel produktion.<\/td>\n<td><strong>Gita-1<\/strong> finder gas i meget d\u00e5rlig kvalitet Mellem Jura sandsten.<\/td>\n<\/tr>\n<tr>\n<td>2010<\/td>\n<td>P\u00e5 baggrund af resultaterne fra <strong>Rigs-3<\/strong> boringen indleveres udbygningsplan for <strong>Syd Arne Northern Extension (SANE)<\/strong> der indeb\u00e6rer installation af to ubemandede platforme, en nord for Syd Arne og en i direkte forbindelse med Syd Arne platformen og 11 nye produktions og vandinjektionsbr\u00f8nde<\/td>\n<td><strong>Syd Arne Fase III<\/strong> \u2013 Reserver \u00f8ges til 238,6 mio. bbl olie og 12,9 mia. m3 gas<\/td>\n<\/tr>\n<tr>\n<td>2011<\/td>\n<td>Licens 02\/06 tilbageleveres<\/p>\n<p>NORECO s\u00e6lger sin andel af 7\/89 <strong>Syd Arne<\/strong> feltet.<\/p>\n<p>Danoil udnytter sin fork\u00f8bsret, og \u00f8ger sin andel i feltet.<\/td>\n<td>Danoils andel af <strong>Syd Arne<\/strong> \u00f8ges til 1,69 %<\/td>\n<\/tr>\n<tr>\n<td>2011<\/td>\n<td>I maj 2011 erhverver Danoil en 8% andel af Spyker Energy\u2019s licens 12\/06. P A Resources er operat\u00f8r.<\/p>\n<p>I august bores <strong>Broder Tuck-1<\/strong> efterforskningsboringen.<\/p>\n<p>I november bores, i samme borekampagne, efterforskningsboringen <strong>Lille John-1.<\/strong><\/td>\n<td>Danoil indtr\u00e6der i licens 12\/06<\/p>\n<p>Fund af Gas\/kondensat i Mellem Jura sandsten \u2013 fundevaluering p\u00e5begyndes.<\/p>\n<p>Fund af olie i Mioc\u00e6ne sandsten \u2013 fundevaluering p\u00e5begyndes<\/td>\n<\/tr>\n<tr>\n<td>2012<\/td>\n<td>Udbygningen af <strong>SANE<\/strong> tager fart, men forsinkelser hos det spanske v\u00e6rft, der skal bygge topsides betyder fordyrelser og forsinkelser.<\/td>\n<td><\/td>\n<\/tr>\n<tr>\n<td>2012<\/td>\n<td>Danoil k\u00f8ber sig ind i den tyske licens <strong>B20 008\/73<\/strong>. Licensen er beliggende lige vest for licens 12\/06, og k\u00f8bet har til form\u00e5l at unders\u00f8ge om de erfaringer der er gjort i den danske licens, kan overf\u00f8res til den tyske licens.<\/p>\n<p>Med k\u00f8bet har Danoil for f\u00f8rste gang engageret sig i olie og gas efterforskning uden for Danmark.<\/td>\n<td>Danoils f\u00f8rste licens uden for Danmark.<\/td>\n<\/tr>\n<tr>\n<td>2013<\/td>\n<td>First oil fra SANE i november.<\/p>\n<p>Danoil deltager sammen med 7\/89 gruppen i <strong>Solsort-2<\/strong> vurderingsboringen der foreg\u00e5r i en nabolicens, men hvor det er forventningen at fundet kan str\u00e6kke sig ind i licens 7\/89.<\/td>\n<td><strong>Solsort-2<\/strong> finder olie i Palaeocene sandsten der str\u00e6kker sig ind i Danoils licens 7\/89 \u2013 fundevaluering p\u00e5begyndes.<\/td>\n<\/tr>\n<tr>\n<td>2014<\/td>\n<td>Licens 9\/06 Gita tilbageleveres<\/p>\n<p>I juni skiftes operat\u00f8r p\u00e5 licens 12\/06. Ny operat\u00f8r bliver hollandsk baserede Dana Petroleum.<\/td>\n<td><\/td>\n<\/tr>\n<tr>\n<td>2014<\/td>\n<td>Danoil deltager i boring af vurderingsboringen <strong>Lille John-2<\/strong>.<\/p>\n<p>Br\u00f8nden afsluttes i februar 2015.<\/p>\n<p>Danoil har 8% andel i licens 12\/06, hvor br\u00f8nden bores.<\/td>\n<td>Br\u00f8nden bekr\u00e6fter tilstedev\u00e6relse af olie i Mioc\u00e6ne sand. Br\u00f8nden testes og der bores et sidespor, for at bekr\u00e6fte udstr\u00e6kningen af fundet.<\/td>\n<\/tr>\n<tr>\n<td>2014<\/td>\n<td>I December p\u00e5begyndes <strong>Xana-1 <\/strong>efterforskningsbr\u00f8nden. Danoil har 10% andel i 9\/95 Maja licensen, hvor br\u00f8nden bores.<\/td>\n<td><\/td>\n<\/tr>\n<tr>\n<td>2015<\/td>\n<td><strong>Xana-1<\/strong> afsluttes i maj m\u00e5ned. Br\u00f8nden er en HPHT br\u00f8nd, og den til dato, dyreste efterforskningsbr\u00f8nd, som Danoil har deltaget i. Der blev i maj 2016 indsendt en fundevalueringsrapport<\/td>\n<td>Br\u00f8nden finder Gas\/Kondensat i \u00d8vre Jura god kvalitet sandsten.<\/td>\n<\/tr>\n<tr>\n<td>2016<\/td>\n<td>Tildeling af 3 nye licenser i 7. udbudsrunde.<\/p>\n<p>Licens 16\/16 og 5\/16 er nye efterforskningslicenser, medens licens 4\/16 er en udvidelse af licensomr\u00e5det der indeholder <strong>Broder Tuck<\/strong> Gas fundet.<\/td>\n<td>Tre nye licenser, 4\/16, 5\/16 og 16\/16<\/td>\n<\/tr>\n<tr>\n<td>2016<\/td>\n<td><strong>Syd Arne Fase III<\/strong> udbygning afsluttes med boring af br\u00f8nd nr. 32 i feltet \u2013 heraf 11 boret som del af Fase III udbygning.<\/td>\n<td><\/td>\n<\/tr>\n<tr>\n<td>2016<\/td>\n<td>22. maj godkender energistyrelsen den indsendte DOC (Declaration of Commerciality) for <strong>Robin Hood<\/strong> projektet, indeholdende <strong>Broder Tuck<\/strong> og <strong>Lille John<\/strong> fundene i licens 12\/06. Med godkendelsen f\u00f8lger en 30-\u00e5rig licensforl\u00e6ngelse.<\/td>\n<td><strong>Broder Tuck<\/strong> og <strong>Lille John<\/strong> kommercielle<\/td>\n<\/tr>\n<tr>\n<td>2017<\/td>\n<td>Den tyske licens forl\u00e6nges til 31\/12 2018<\/td>\n<td><\/td>\n<\/tr>\n<tr>\n<td>2017<\/td>\n<td>Produktionstilladelsen for <strong>Syd Arne<\/strong> forl\u00e6nges til 2047<\/td>\n<td><\/td>\n<\/tr>\n<tr>\n<td>2018<\/td>\n<td>Licens 4\/98 og 9\/95 udl\u00f8ber og tilbageleveres<\/td>\n<td><strong>Xana<\/strong> fundet tilbageleveres<\/td>\n<\/tr>\n<tr>\n<td>2019<\/td>\n<td>Licens 16\/16 og 5\/16 tilbageleveres<\/td>\n<td><\/td>\n<\/tr>\n<tr>\n<td>2019<\/td>\n<td>Den tyske licens forl\u00e6nges til 31\/12 2021 f\u00e5r nyt navn: <strong>NE3-0002-01<\/strong><\/td>\n<td><\/td>\n<\/tr>\n<tr>\n<td>2020<\/td>\n<td>Danoil \u00f8ger andelen I licens 12\/06 and 4\/16 til 10,43%<\/td>\n<td><\/td>\n<\/tr>\n<tr>\n<td>2021<\/td>\n<td>Danoil k\u00f8ber Neptune Energy Danmark ApS og \u00f8ger herved andelen af Solsort fundet til 13,9622%. Neptune Energy Danmark ApS er efterf\u00f8lgende omd\u00f8bt til Danoil II ApS<\/td>\n<td><\/td>\n<\/tr>\n<tr>\n<td>2022<\/td>\n<td>Den tyske licens <strong>NE3-0002-01<\/strong> er blevet tilbageleveret<\/td>\n<td><\/td>\n<\/tr>\n<tr>\n<td>2022<\/td>\n<td>Udbygningsplan for <strong>Solsort Vest<\/strong> feltet er indsendt til Energistyrelsen. Planen blev godkendt af Energistyrelsen i december 2022.<\/td>\n<td>Udbygning af <strong>Solsort Vest<\/strong> feltet<\/td>\n<\/tr>\n<tr>\n<td>2023<\/td>\n<td>Boring af produktionsbr\u00f8nde i <strong>Solsort Vest<\/strong> feltet er p\u00e5begyndt i juli 2023. Feltet forventes i produktion i Q1 2024<\/td>\n<td><\/td>\n<\/tr>\n<\/tbody>\n<\/table>\n<p>&nbsp;<\/p>\n","protected":false},"excerpt":{"rendered":"<p>&nbsp; \u00c5r Begivenhed Resultat 1982 Oph\u00e6velse af Eneretsbevillingen af 1962 og vedtagelsen af Undergrundsloven Den Danske undergrund \u00e5bnes for Olie og Gas efterforskning for nye selskaber. 1983 Efter oph\u00e6velsen af Eneretsbevillingen \u00f8nsker Olieselskabet Danmark (senere OK) at udvide sine aktiviteter ind i olieefterforskning. Derfor g\u00e5r man sammen med DLG og Sparekassen SDS sammen med olieselskaberne  [&#8230;]<\/p>\n","protected":false},"author":1,"featured_media":0,"parent":297,"menu_order":0,"comment_status":"open","ping_status":"closed","template":"","meta":{"inline_featured_image":false,"footnotes":""},"class_list":["post-299","page","type-page","status-publish","hentry"],"yoast_head":"<!-- This site is optimized with the Yoast SEO plugin v24.0 - https:\/\/yoast.com\/wordpress\/plugins\/seo\/ -->\n<title>Historie - Danoil<\/title>\n<meta name=\"robots\" content=\"index, follow, max-snippet:-1, max-image-preview:large, max-video-preview:-1\" \/>\n<link rel=\"canonical\" href=\"https:\/\/danoil.dk\/da\/om-os\/historie\/\" \/>\n<meta property=\"og:locale\" content=\"da_DK\" \/>\n<meta property=\"og:type\" content=\"article\" \/>\n<meta property=\"og:title\" content=\"Historie - Danoil\" \/>\n<meta property=\"og:description\" content=\"&nbsp; \u00c5r Begivenhed Resultat 1982 Oph\u00e6velse af Eneretsbevillingen af 1962 og vedtagelsen af Undergrundsloven Den Danske undergrund \u00e5bnes for Olie og Gas efterforskning for nye selskaber. 1983 Efter oph\u00e6velsen af Eneretsbevillingen \u00f8nsker Olieselskabet Danmark (senere OK) at udvide sine aktiviteter ind i olieefterforskning. Derfor g\u00e5r man sammen med DLG og Sparekassen SDS sammen med olieselskaberne [...]\" \/>\n<meta property=\"og:url\" content=\"https:\/\/danoil.dk\/da\/om-os\/historie\/\" \/>\n<meta property=\"og:site_name\" content=\"Danoil\" \/>\n<meta property=\"article:modified_time\" content=\"2024-01-25T13:17:16+00:00\" \/>\n<meta property=\"og:image\" content=\"https:\/\/danoil.dk\/wp-content\/uploads\/2024\/01\/word-image-9020-1.png\" \/>\n<meta name=\"twitter:label1\" content=\"Estimeret l\u00e6setid\" \/>\n\t<meta name=\"twitter:data1\" content=\"9 minutter\" \/>\n<script type=\"application\/ld+json\" class=\"yoast-schema-graph\">{\"@context\":\"https:\/\/schema.org\",\"@graph\":[{\"@type\":\"WebPage\",\"@id\":\"https:\/\/danoil.dk\/da\/om-os\/historie\/\",\"url\":\"https:\/\/danoil.dk\/da\/om-os\/historie\/\",\"name\":\"Historie - Danoil\",\"isPartOf\":{\"@id\":\"https:\/\/danoil.dk\/#website\"},\"primaryImageOfPage\":{\"@id\":\"https:\/\/danoil.dk\/da\/om-os\/historie\/#primaryimage\"},\"image\":{\"@id\":\"https:\/\/danoil.dk\/da\/om-os\/historie\/#primaryimage\"},\"thumbnailUrl\":\"https:\/\/danoil.dk\/wp-content\/uploads\/2024\/01\/word-image-9020-1.png\",\"datePublished\":\"2014-12-05T11:10:50+00:00\",\"dateModified\":\"2024-01-25T13:17:16+00:00\",\"breadcrumb\":{\"@id\":\"https:\/\/danoil.dk\/da\/om-os\/historie\/#breadcrumb\"},\"inLanguage\":\"da-DK\",\"potentialAction\":[{\"@type\":\"ReadAction\",\"target\":[\"https:\/\/danoil.dk\/da\/om-os\/historie\/\"]}]},{\"@type\":\"ImageObject\",\"inLanguage\":\"da-DK\",\"@id\":\"https:\/\/danoil.dk\/da\/om-os\/historie\/#primaryimage\",\"url\":\"https:\/\/danoil.dk\/wp-content\/uploads\/2024\/01\/word-image-9020-1.png\",\"contentUrl\":\"https:\/\/danoil.dk\/wp-content\/uploads\/2024\/01\/word-image-9020-1.png\"},{\"@type\":\"BreadcrumbList\",\"@id\":\"https:\/\/danoil.dk\/da\/om-os\/historie\/#breadcrumb\",\"itemListElement\":[{\"@type\":\"ListItem\",\"position\":1,\"name\":\"Home\",\"item\":\"https:\/\/danoil.dk\/da\/\"},{\"@type\":\"ListItem\",\"position\":2,\"name\":\"Om os\",\"item\":\"https:\/\/danoil.dk\/da\/om-os\/\"},{\"@type\":\"ListItem\",\"position\":3,\"name\":\"Historie\"}]},{\"@type\":\"WebSite\",\"@id\":\"https:\/\/danoil.dk\/#website\",\"url\":\"https:\/\/danoil.dk\/\",\"name\":\"Danoil\",\"description\":\"North sea oil is part of our future\",\"potentialAction\":[{\"@type\":\"SearchAction\",\"target\":{\"@type\":\"EntryPoint\",\"urlTemplate\":\"https:\/\/danoil.dk\/?s={search_term_string}\"},\"query-input\":{\"@type\":\"PropertyValueSpecification\",\"valueRequired\":true,\"valueName\":\"search_term_string\"}}],\"inLanguage\":\"da-DK\"}]}<\/script>\n<!-- \/ Yoast SEO plugin. -->","yoast_head_json":{"title":"Historie - Danoil","robots":{"index":"index","follow":"follow","max-snippet":"max-snippet:-1","max-image-preview":"max-image-preview:large","max-video-preview":"max-video-preview:-1"},"canonical":"https:\/\/danoil.dk\/da\/om-os\/historie\/","og_locale":"da_DK","og_type":"article","og_title":"Historie - Danoil","og_description":"&nbsp; \u00c5r Begivenhed Resultat 1982 Oph\u00e6velse af Eneretsbevillingen af 1962 og vedtagelsen af Undergrundsloven Den Danske undergrund \u00e5bnes for Olie og Gas efterforskning for nye selskaber. 1983 Efter oph\u00e6velsen af Eneretsbevillingen \u00f8nsker Olieselskabet Danmark (senere OK) at udvide sine aktiviteter ind i olieefterforskning. Derfor g\u00e5r man sammen med DLG og Sparekassen SDS sammen med olieselskaberne [...]","og_url":"https:\/\/danoil.dk\/da\/om-os\/historie\/","og_site_name":"Danoil","article_modified_time":"2024-01-25T13:17:16+00:00","og_image":[{"url":"https:\/\/danoil.dk\/wp-content\/uploads\/2024\/01\/word-image-9020-1.png","type":"","width":"","height":""}],"twitter_misc":{"Estimeret l\u00e6setid":"9 minutter"},"schema":{"@context":"https:\/\/schema.org","@graph":[{"@type":"WebPage","@id":"https:\/\/danoil.dk\/da\/om-os\/historie\/","url":"https:\/\/danoil.dk\/da\/om-os\/historie\/","name":"Historie - Danoil","isPartOf":{"@id":"https:\/\/danoil.dk\/#website"},"primaryImageOfPage":{"@id":"https:\/\/danoil.dk\/da\/om-os\/historie\/#primaryimage"},"image":{"@id":"https:\/\/danoil.dk\/da\/om-os\/historie\/#primaryimage"},"thumbnailUrl":"https:\/\/danoil.dk\/wp-content\/uploads\/2024\/01\/word-image-9020-1.png","datePublished":"2014-12-05T11:10:50+00:00","dateModified":"2024-01-25T13:17:16+00:00","breadcrumb":{"@id":"https:\/\/danoil.dk\/da\/om-os\/historie\/#breadcrumb"},"inLanguage":"da-DK","potentialAction":[{"@type":"ReadAction","target":["https:\/\/danoil.dk\/da\/om-os\/historie\/"]}]},{"@type":"ImageObject","inLanguage":"da-DK","@id":"https:\/\/danoil.dk\/da\/om-os\/historie\/#primaryimage","url":"https:\/\/danoil.dk\/wp-content\/uploads\/2024\/01\/word-image-9020-1.png","contentUrl":"https:\/\/danoil.dk\/wp-content\/uploads\/2024\/01\/word-image-9020-1.png"},{"@type":"BreadcrumbList","@id":"https:\/\/danoil.dk\/da\/om-os\/historie\/#breadcrumb","itemListElement":[{"@type":"ListItem","position":1,"name":"Home","item":"https:\/\/danoil.dk\/da\/"},{"@type":"ListItem","position":2,"name":"Om os","item":"https:\/\/danoil.dk\/da\/om-os\/"},{"@type":"ListItem","position":3,"name":"Historie"}]},{"@type":"WebSite","@id":"https:\/\/danoil.dk\/#website","url":"https:\/\/danoil.dk\/","name":"Danoil","description":"North sea oil is part of our future","potentialAction":[{"@type":"SearchAction","target":{"@type":"EntryPoint","urlTemplate":"https:\/\/danoil.dk\/?s={search_term_string}"},"query-input":{"@type":"PropertyValueSpecification","valueRequired":true,"valueName":"search_term_string"}}],"inLanguage":"da-DK"}]}},"_links":{"self":[{"href":"https:\/\/danoil.dk\/da\/wp-json\/wp\/v2\/pages\/299","targetHints":{"allow":["GET"]}}],"collection":[{"href":"https:\/\/danoil.dk\/da\/wp-json\/wp\/v2\/pages"}],"about":[{"href":"https:\/\/danoil.dk\/da\/wp-json\/wp\/v2\/types\/page"}],"author":[{"embeddable":true,"href":"https:\/\/danoil.dk\/da\/wp-json\/wp\/v2\/users\/1"}],"replies":[{"embeddable":true,"href":"https:\/\/danoil.dk\/da\/wp-json\/wp\/v2\/comments?post=299"}],"version-history":[{"count":21,"href":"https:\/\/danoil.dk\/da\/wp-json\/wp\/v2\/pages\/299\/revisions"}],"predecessor-version":[{"id":9041,"href":"https:\/\/danoil.dk\/da\/wp-json\/wp\/v2\/pages\/299\/revisions\/9041"}],"up":[{"embeddable":true,"href":"https:\/\/danoil.dk\/da\/wp-json\/wp\/v2\/pages\/297"}],"wp:attachment":[{"href":"https:\/\/danoil.dk\/da\/wp-json\/wp\/v2\/media?parent=299"}],"curies":[{"name":"wp","href":"https:\/\/api.w.org\/{rel}","templated":true}]}}