{"id":297,"date":"2014-12-05T12:09:50","date_gmt":"2014-12-05T11:09:50","guid":{"rendered":"http:\/\/danoil.dk\/?page_id=297"},"modified":"2024-01-24T15:51:59","modified_gmt":"2024-01-24T14:51:59","slug":"om-os","status":"publish","type":"page","link":"https:\/\/danoil.dk\/da\/om-os\/","title":{"rendered":"Om os"},"content":{"rendered":"<p><div class=\"fusion-fullwidth fullwidth-box fusion-builder-row-1 nonhundred-percent-fullwidth non-hundred-percent-height-scrolling\" style=\"--awb-border-radius-top-left:0px;--awb-border-radius-top-right:0px;--awb-border-radius-bottom-right:0px;--awb-border-radius-bottom-left:0px;--awb-flex-wrap:wrap;\" ><div class=\"fusion-builder-row fusion-row\"><div class=\"fusion-layout-column fusion_builder_column fusion-builder-column-0 fusion_builder_column_1_1 1_1 fusion-one-full fusion-column-first fusion-column-last\" style=\"--awb-bg-size:cover;--awb-margin-bottom:0px;\"><div class=\"fusion-column-wrapper fusion-flex-column-wrapper-legacy\"><div class=\"fusion-text fusion-text-1\"><p><b>Danoil vil:<\/b><\/p>\n<ul>\n<li><b>bidrage til at s\u00e5 stor en del som muligt af fossil eftersp\u00f8rgsel i demokratiske lande d\u00e6kkes af produktion fra demokratiske lande<\/b><\/li>\n<li><b>deltage i udvinding af olie og naturgas, der kan erstatte mere CO2-udledende dele af energimikset <\/b><\/li>\n<li><b>sikre dansk indflydelse p\u00e5 dansk r\u00e5stofudvinding<\/b><\/li>\n<li><b>s\u00f8rge for r\u00e5stofudvinding under demokratiske ejerform med ansvarlighed og sikring af v\u00e6rdier til medejere <\/b><\/li>\n<li><b>prioritere at anvende indtjening fra fossil r\u00e5stofproduktion til investering i CO2-reducerende energil\u00f8sninger til gavn for selskab og samfund<\/b><\/li>\n<li><b>Ikke deltage i up-stream aktiviteter l\u00e6ngere end OK har <\/b><b>downstream<\/b><b>-aktiviteter<\/b><\/li>\n<\/ul>\n<\/div><div class=\"fusion-clearfix\"><\/div><\/div><\/div><\/div><\/div><div class=\"fusion-fullwidth fullwidth-box fusion-builder-row-2 hundred-percent-fullwidth non-hundred-percent-height-scrolling\" style=\"--awb-border-radius-top-left:0px;--awb-border-radius-top-right:0px;--awb-border-radius-bottom-right:0px;--awb-border-radius-bottom-left:0px;--awb-overflow:visible;--awb-flex-wrap:wrap;\" ><div class=\"fusion-builder-row fusion-row\"><div class=\"fusion-layout-column fusion_builder_column fusion-builder-column-1 fusion_builder_column_1_1 1_1 fusion-one-full fusion-column-first fusion-column-last fusion-column-no-min-height\" style=\"--awb-bg-size:cover;--awb-margin-bottom:0px;\"><div class=\"fusion-column-wrapper fusion-flex-column-wrapper-legacy\"><div class=\"fusion-text fusion-text-2\"><div id=\"attachment_433\" style=\"width: 310px\" class=\"wp-caption alignnone\"><a href=\"http:\/\/danoil.dk\/wp-content\/uploads\/2015\/06\/syd_arne_2014_-_13.jpg\"><img decoding=\"async\" aria-describedby=\"caption-attachment-433\" class=\"size-medium wp-image-433\" src=\"http:\/\/danoil.dk\/wp-content\/uploads\/2015\/06\/syd_arne_2014_-_13-300x200.jpg\" alt=\"Syd Arne, boreplatform, Nords\u00f8en\" width=\"300\" height=\"200\" srcset=\"https:\/\/danoil.dk\/wp-content\/uploads\/2015\/06\/syd_arne_2014_-_13-300x200.jpg 300w, https:\/\/danoil.dk\/wp-content\/uploads\/2015\/06\/syd_arne_2014_-_13-1024x683.jpg 1024w, https:\/\/danoil.dk\/wp-content\/uploads\/2015\/06\/syd_arne_2014_-_13.jpg 1200w\" sizes=\"(max-width: 300px) 100vw, 300px\" \/><\/a><p id=\"caption-attachment-433\" class=\"wp-caption-text\">Syd Arne, boreplatform, Nords\u00f8en<\/p><\/div>\n<h4><\/h4>\n<\/div><div class=\"fusion-clearfix\"><\/div><\/div><\/div><\/div><\/div><\/p>\n","protected":false},"excerpt":{"rendered":"","protected":false},"author":1,"featured_media":0,"parent":0,"menu_order":0,"comment_status":"open","ping_status":"closed","template":"","meta":{"inline_featured_image":false,"footnotes":""},"class_list":["post-297","page","type-page","status-publish","hentry"],"yoast_head":"<!-- This site is optimized with the Yoast SEO plugin v24.0 - https:\/\/yoast.com\/wordpress\/plugins\/seo\/ -->\n<title>Om os - Danoil<\/title>\n<meta name=\"robots\" content=\"index, follow, max-snippet:-1, max-image-preview:large, max-video-preview:-1\" \/>\n<link rel=\"canonical\" href=\"https:\/\/danoil.dk\/da\/om-os\/\" \/>\n<meta property=\"og:locale\" content=\"da_DK\" \/>\n<meta property=\"og:type\" content=\"article\" \/>\n<meta property=\"og:title\" content=\"Om os - Danoil\" \/>\n<meta property=\"og:url\" content=\"https:\/\/danoil.dk\/da\/om-os\/\" \/>\n<meta property=\"og:site_name\" content=\"Danoil\" \/>\n<meta property=\"article:modified_time\" content=\"2024-01-24T14:51:59+00:00\" \/>\n<meta property=\"og:image\" content=\"http:\/\/danoil.dk\/wp-content\/uploads\/2015\/06\/syd_arne_2014_-_13-300x200.jpg\" \/>\n<meta name=\"twitter:label1\" content=\"Estimeret l\u00e6setid\" \/>\n\t<meta name=\"twitter:data1\" content=\"1 minut\" \/>\n<script type=\"application\/ld+json\" class=\"yoast-schema-graph\">{\"@context\":\"https:\/\/schema.org\",\"@graph\":[{\"@type\":\"WebPage\",\"@id\":\"https:\/\/danoil.dk\/da\/om-os\/\",\"url\":\"https:\/\/danoil.dk\/da\/om-os\/\",\"name\":\"Om os - Danoil\",\"isPartOf\":{\"@id\":\"https:\/\/danoil.dk\/#website\"},\"primaryImageOfPage\":{\"@id\":\"https:\/\/danoil.dk\/da\/om-os\/#primaryimage\"},\"image\":{\"@id\":\"https:\/\/danoil.dk\/da\/om-os\/#primaryimage\"},\"thumbnailUrl\":\"http:\/\/danoil.dk\/wp-content\/uploads\/2015\/06\/syd_arne_2014_-_13-300x200.jpg\",\"datePublished\":\"2014-12-05T11:09:50+00:00\",\"dateModified\":\"2024-01-24T14:51:59+00:00\",\"breadcrumb\":{\"@id\":\"https:\/\/danoil.dk\/da\/om-os\/#breadcrumb\"},\"inLanguage\":\"da-DK\",\"potentialAction\":[{\"@type\":\"ReadAction\",\"target\":[\"https:\/\/danoil.dk\/da\/om-os\/\"]}]},{\"@type\":\"ImageObject\",\"inLanguage\":\"da-DK\",\"@id\":\"https:\/\/danoil.dk\/da\/om-os\/#primaryimage\",\"url\":\"http:\/\/danoil.dk\/wp-content\/uploads\/2015\/06\/syd_arne_2014_-_13-300x200.jpg\",\"contentUrl\":\"http:\/\/danoil.dk\/wp-content\/uploads\/2015\/06\/syd_arne_2014_-_13-300x200.jpg\"},{\"@type\":\"BreadcrumbList\",\"@id\":\"https:\/\/danoil.dk\/da\/om-os\/#breadcrumb\",\"itemListElement\":[{\"@type\":\"ListItem\",\"position\":1,\"name\":\"Home\",\"item\":\"https:\/\/danoil.dk\/da\/\"},{\"@type\":\"ListItem\",\"position\":2,\"name\":\"Om os\"}]},{\"@type\":\"WebSite\",\"@id\":\"https:\/\/danoil.dk\/#website\",\"url\":\"https:\/\/danoil.dk\/\",\"name\":\"Danoil\",\"description\":\"North sea oil is part of our future\",\"potentialAction\":[{\"@type\":\"SearchAction\",\"target\":{\"@type\":\"EntryPoint\",\"urlTemplate\":\"https:\/\/danoil.dk\/?s={search_term_string}\"},\"query-input\":{\"@type\":\"PropertyValueSpecification\",\"valueRequired\":true,\"valueName\":\"search_term_string\"}}],\"inLanguage\":\"da-DK\"}]}<\/script>\n<!-- \/ Yoast SEO plugin. -->","yoast_head_json":{"title":"Om os - Danoil","robots":{"index":"index","follow":"follow","max-snippet":"max-snippet:-1","max-image-preview":"max-image-preview:large","max-video-preview":"max-video-preview:-1"},"canonical":"https:\/\/danoil.dk\/da\/om-os\/","og_locale":"da_DK","og_type":"article","og_title":"Om os - Danoil","og_url":"https:\/\/danoil.dk\/da\/om-os\/","og_site_name":"Danoil","article_modified_time":"2024-01-24T14:51:59+00:00","og_image":[{"url":"http:\/\/danoil.dk\/wp-content\/uploads\/2015\/06\/syd_arne_2014_-_13-300x200.jpg","type":"","width":"","height":""}],"twitter_misc":{"Estimeret l\u00e6setid":"1 minut"},"schema":{"@context":"https:\/\/schema.org","@graph":[{"@type":"WebPage","@id":"https:\/\/danoil.dk\/da\/om-os\/","url":"https:\/\/danoil.dk\/da\/om-os\/","name":"Om os - Danoil","isPartOf":{"@id":"https:\/\/danoil.dk\/#website"},"primaryImageOfPage":{"@id":"https:\/\/danoil.dk\/da\/om-os\/#primaryimage"},"image":{"@id":"https:\/\/danoil.dk\/da\/om-os\/#primaryimage"},"thumbnailUrl":"http:\/\/danoil.dk\/wp-content\/uploads\/2015\/06\/syd_arne_2014_-_13-300x200.jpg","datePublished":"2014-12-05T11:09:50+00:00","dateModified":"2024-01-24T14:51:59+00:00","breadcrumb":{"@id":"https:\/\/danoil.dk\/da\/om-os\/#breadcrumb"},"inLanguage":"da-DK","potentialAction":[{"@type":"ReadAction","target":["https:\/\/danoil.dk\/da\/om-os\/"]}]},{"@type":"ImageObject","inLanguage":"da-DK","@id":"https:\/\/danoil.dk\/da\/om-os\/#primaryimage","url":"http:\/\/danoil.dk\/wp-content\/uploads\/2015\/06\/syd_arne_2014_-_13-300x200.jpg","contentUrl":"http:\/\/danoil.dk\/wp-content\/uploads\/2015\/06\/syd_arne_2014_-_13-300x200.jpg"},{"@type":"BreadcrumbList","@id":"https:\/\/danoil.dk\/da\/om-os\/#breadcrumb","itemListElement":[{"@type":"ListItem","position":1,"name":"Home","item":"https:\/\/danoil.dk\/da\/"},{"@type":"ListItem","position":2,"name":"Om os"}]},{"@type":"WebSite","@id":"https:\/\/danoil.dk\/#website","url":"https:\/\/danoil.dk\/","name":"Danoil","description":"North sea oil is part of our future","potentialAction":[{"@type":"SearchAction","target":{"@type":"EntryPoint","urlTemplate":"https:\/\/danoil.dk\/?s={search_term_string}"},"query-input":{"@type":"PropertyValueSpecification","valueRequired":true,"valueName":"search_term_string"}}],"inLanguage":"da-DK"}]}},"_links":{"self":[{"href":"https:\/\/danoil.dk\/da\/wp-json\/wp\/v2\/pages\/297","targetHints":{"allow":["GET"]}}],"collection":[{"href":"https:\/\/danoil.dk\/da\/wp-json\/wp\/v2\/pages"}],"about":[{"href":"https:\/\/danoil.dk\/da\/wp-json\/wp\/v2\/types\/page"}],"author":[{"embeddable":true,"href":"https:\/\/danoil.dk\/da\/wp-json\/wp\/v2\/users\/1"}],"replies":[{"embeddable":true,"href":"https:\/\/danoil.dk\/da\/wp-json\/wp\/v2\/comments?post=297"}],"version-history":[{"count":14,"href":"https:\/\/danoil.dk\/da\/wp-json\/wp\/v2\/pages\/297\/revisions"}],"predecessor-version":[{"id":8998,"href":"https:\/\/danoil.dk\/da\/wp-json\/wp\/v2\/pages\/297\/revisions\/8998"}],"wp:attachment":[{"href":"https:\/\/danoil.dk\/da\/wp-json\/wp\/v2\/media?parent=297"}],"curies":[{"name":"wp","href":"https:\/\/api.w.org\/{rel}","templated":true}]}}