{"id":136,"date":"2014-05-14T17:54:59","date_gmt":"2014-05-14T17:54:59","guid":{"rendered":"http:\/\/danoil.dk\/?page_id=136"},"modified":"2022-06-27T12:54:35","modified_gmt":"2022-06-27T10:54:35","slug":"licenser","status":"publish","type":"page","link":"https:\/\/danoil.dk\/da\/licenser\/","title":{"rendered":"Licenser"},"content":{"rendered":"<div class=\"fusion-fullwidth fullwidth-box fusion-builder-row-1 hundred-percent-fullwidth non-hundred-percent-height-scrolling\" style=\"--awb-border-radius-top-left:0px;--awb-border-radius-top-right:0px;--awb-border-radius-bottom-right:0px;--awb-border-radius-bottom-left:0px;--awb-overflow:visible;--awb-padding-right:20px;--awb-padding-left:20px;--awb-flex-wrap:wrap;\" ><div class=\"fusion-builder-row fusion-row\"><div class=\"fusion-layout-column fusion_builder_column fusion-builder-column-0 fusion_builder_column_1_1 1_1 fusion-one-full fusion-column-first fusion-column-last fusion-column-no-min-height\" style=\"--awb-bg-size:cover;--awb-margin-bottom:0px;\"><div class=\"fusion-column-wrapper fusion-flex-column-wrapper-legacy\"><div class=\"fusion-text fusion-text-1\">\n<style>\n\t#hotspot-8961 .hotspots-image-container,\n\t#hotspot-8961 .leaflet-container {\n\t\tbackground: #ffffff\t}\n\n\t#hotspot-8961 .hotspots-placeholder,\n\t.featherlight .featherlight-content.lightbox-8961 {\n\t\tbackground: #2E2D29;\n\t\tborder: 0 #2E2D29 solid;\n\t\tcolor: #ffffff;\n\t}\n\n\t#hotspot-8961 .hotspot-title,\n\t#hotspot-8961 .bc-product__title a,\n\t.featherlight .featherlight-content.lightbox-8961 .hotspot-title,\n\t.featherlight .featherlight-content.lightbox-8961 .bc-product__title a {\n\t\tcolor: #93C7A4;\n\t}\n\n\t\t\t#hotspot-8961 .hotspot-style-1 {\n\t\t\tstroke-width: 2;\n\t\t\tfill: #ffffff;\n\t\t\tfill-opacity: 0;\n\t\t\tstroke: #ffffff;\n\t\t\tstroke-opacity: 0;\n\t\t}\n\t\t#hotspot-8961 .hotspot-style-1:hover,\n\t\t#hotspot-8961 .hotspot-style-1:focus-visible,\n\t\t#hotspot-8961 .hotspot-style-1.hotspot-active {\n\t\t\tfill: #ffffff;\n\t\t\tfill-opacity: 0.81;\n\t\t\toutline: none;\n\t\t\tstroke: #ffffff;\n\t\t\tstroke-opacity: 1.01;\n\t\t}\n\t\t\t#hotspot-8961 .hotspot-default {\n\t\t\tstroke-width: 2;\n\t\t\tfill: #ffffff;\n\t\t\tfill-opacity: 0;\n\t\t\tstroke: #ffffff;\n\t\t\tstroke-opacity: 0;\n\t\t}\n\t\t#hotspot-8961 .hotspot-default:hover,\n\t\t#hotspot-8961 .hotspot-default:focus-visible,\n\t\t#hotspot-8961 .hotspot-default.hotspot-active {\n\t\t\tfill: #3CA2A2;\n\t\t\tfill-opacity: 0.71;\n\t\t\toutline: none;\n\t\t\tstroke: #235B6E;\n\t\t\tstroke-opacity: 1.01;\n\t\t}\n\t\t#hotspot-8961 .leaflet-tooltip,\n\t#hotspot-8961 .leaflet-rrose-content-wrapper {\n\t\tbackground: #2E2D29;\n\t\tborder-color: #2E2D29;\n\t\tcolor: #ffffff;\n\t}\n\n\t#hotspot-8961 a.leaflet-rrose-close-button {\n\t\tcolor: #93C7A4;\n\t}\n\n\t#hotspot-8961 .leaflet-rrose-tip {\n\t\tbackground: #2E2D29;\n\t}\n\n\t#hotspot-8961 .leaflet-popup-scrolled {\n\t\tborder-bottom-color: #ffffff;\n\t\tborder-top-color: #ffffff;\n\t}\n\n\t#hotspot-8961 .leaflet-tooltip-top:before {\n\t\tborder-top-color: #2E2D29;\n\t}\n\n\t#hotspot-8961 .leaflet-tooltip-bottom:before {\n\t\tborder-bottom-color: #2E2D29;\n\t}\n\t#hotspot-8961 .leaflet-tooltip-left:before {\n\t\tborder-left-color: #2E2D29;\n\t}\n\t#hotspot-8961 .leaflet-tooltip-right:before {\n\t\tborder-right-color: #2E2D29;\n\t}\n<\/style>\n\n\n\t<div class=\"hotspots-container links-only layout-left event-click\" id=\"hotspot-8961\" data-layout=\"left\" data-trigger=\"click\">\n\t\t<div class=\"hotspots-interaction\">\n\t\t\t<div class=\"hotspots-image-container\">\n\t<img\n\t\twidth=\"741\"\n\t\theight=\"960\"\n\t\tsrc=\"https:\/\/danoil.dk\/wp-content\/uploads\/2024\/01\/licenser24.jpg\"\n\t\talt=\"Licenser &#8211; DK\"\n\t\tclass=\"hotspots-image skip-lazy\"\n\t\tusemap=\"#hotspots-image-8961\"\n\t\tdata-image-title=\"Licenser &#8211; DK\"\n\t\tdata-image-description=\"\"\n\t\tdata-event-trigger=\"click\"\n\t\tdata-always-visible=\"false\"\n\t\tdata-id=\"8961\"\n\t\tdata-no-lazy=\"1\"\n\t\tdata-lazy-src=\"\"\n\t\tdata-lazy=\"false\"\n\t\tloading=\"eager\"\n\t\tdata-skip-lazy=\"1\"\n\t\t>\n<\/div>\t\t<\/div>\n\t\t<map name=\"hotspots-image-8961\" class=\"hotspots-map\">\n\t\t\t\t\t\t\t\t\t\t\t<area\n\t\t\t\t\tshape=\"polygon\"\n\t\t\t\t\tcoords=\"317,291,319,297,324,301,322,319,301,325,288,322,302,305,308,290\"\n\t\t\t\t\thref=\"https:\/\/danoil.dk\/da\/solsort-unit\/\"\n\t\t\t\t\trel=\"\"\n\t\t\t\t\ttitle=\"Licens Solsort Unit (klik p\u00e5 r\u00f8d pin - l\u00e6s mere)\"\n\t\t\t\t\talt=\"Licens Solsort Unit (klik p\u00e5 r\u00f8d pin - l\u00e6s mere)\"\n\t\t\t\t\tdata-action=\"url\"\n\t\t\t\t\tdata-color-scheme=\"\"\n\t\t\t\t\tdata-id=\"area-hotspot-8961-0\"\n\t\t\t\t\ttarget=\"\"\n\t\t\t\t\tclass=\"url-area\"\n\t\t\t\t\t>\n\t\t\t\t\t\t\t\t\t\t\t<area\n\t\t\t\t\tshape=\"polygon\"\n\t\t\t\t\tcoords=\"300,325,323,363,323,372,309,383,298,382,275,343,275,321,288,321\"\n\t\t\t\t\thref=\"https:\/\/danoil.dk\/da\/licens-789-syd-arne\/\"\n\t\t\t\t\trel=\"\"\n\t\t\t\t\ttitle=\"Licens 7\/86 Sydarne (klik p\u00e5 r\u00f8d pin - l\u00e6s mere)\"\n\t\t\t\t\talt=\"Licens 7\/86 Sydarne (klik p\u00e5 r\u00f8d pin - l\u00e6s mere)\"\n\t\t\t\t\tdata-action=\"url\"\n\t\t\t\t\tdata-color-scheme=\"\"\n\t\t\t\t\tdata-id=\"area-hotspot-8961-1\"\n\t\t\t\t\ttarget=\"\"\n\t\t\t\t\tclass=\"url-area\"\n\t\t\t\t\t>\n\t\t\t\t\t\t\t\t\t\t\t<area\n\t\t\t\t\tshape=\"polygon\"\n\t\t\t\t\tcoords=\"476,614,445,598,445,613,440,614,441,623,447,625,458,642,458,635,462,632,465,633,469,632,472,622,478,621\"\n\t\t\t\t\thref=\"https:\/\/danoil.dk\/da\/licens-1206-robin-hood\/\"\n\t\t\t\t\trel=\"\"\n\t\t\t\t\ttitle=\"Licens 12\/6 Robin Hood (klik p\u00e5 r\u00f8d pin - l\u00e6s mere)\"\n\t\t\t\t\talt=\"Licens 12\/6 Robin Hood (klik p\u00e5 r\u00f8d pin - l\u00e6s mere)\"\n\t\t\t\t\tdata-action=\"url\"\n\t\t\t\t\tdata-color-scheme=\"\"\n\t\t\t\t\tdata-id=\"area-hotspot-8961-2\"\n\t\t\t\t\ttarget=\"\"\n\t\t\t\t\tclass=\"url-area\"\n\t\t\t\t\t>\n\t\t\t\t\t\t\t\t\t\t\t<area\n\t\t\t\t\tshape=\"polygon\"\n\t\t\t\t\tcoords=\"462,647,469,652,475,662,476,691,444,671,444,660,447,651,454,647\"\n\t\t\t\t\thref=\"https:\/\/danoil.dk\/da\/licens-1206-robin-hood\/\"\n\t\t\t\t\trel=\"\"\n\t\t\t\t\ttitle=\"Licens 12\/6 Robin Hood (klik p\u00e5 r\u00f8d pin - l\u00e6s mere)\"\n\t\t\t\t\talt=\"Licens 12\/6 Robin Hood (klik p\u00e5 r\u00f8d pin - l\u00e6s mere)\"\n\t\t\t\t\tdata-action=\"url\"\n\t\t\t\t\tdata-color-scheme=\"\"\n\t\t\t\t\tdata-id=\"area-hotspot-8961-3\"\n\t\t\t\t\ttarget=\"\"\n\t\t\t\t\tclass=\"url-area\"\n\t\t\t\t\t>\n\t\t\t\t\t\t\t\t\t\t\t<area\n\t\t\t\t\tshape=\"polygon\"\n\t\t\t\t\tcoords=\"459,644,459,634,471,634,471,644\"\n\t\t\t\t\thref=\"https:\/\/danoil.dk\/da\/licens-0416-broder-tuck-syd\/\"\n\t\t\t\t\trel=\"\"\n\t\t\t\t\ttitle=\"Licens 4\/16 Broder Tuck Syd (klik p\u00e5 r\u00f8d pin - l\u00e6s mere)\"\n\t\t\t\t\talt=\"Licens 4\/16 Broder Tuck Syd (klik p\u00e5 r\u00f8d pin - l\u00e6s mere)\"\n\t\t\t\t\tdata-action=\"url\"\n\t\t\t\t\tdata-color-scheme=\"\"\n\t\t\t\t\tdata-id=\"area-hotspot-8961-4\"\n\t\t\t\t\ttarget=\"\"\n\t\t\t\t\tclass=\"url-area\"\n\t\t\t\t\t>\n\t\t\t\t\t<\/map>\n\n\t\t\n\t\t\t\t\t\t\t\t\t\t\t\t\t\t\t\t\t\t<\/div>\n\n\n<\/div><div class=\"fusion-clearfix\"><\/div><\/div><\/div><\/div><\/div>\n","protected":false},"excerpt":{"rendered":"","protected":false},"author":1,"featured_media":0,"parent":0,"menu_order":0,"comment_status":"open","ping_status":"closed","template":"100-width.php","meta":{"inline_featured_image":false,"footnotes":""},"class_list":["post-136","page","type-page","status-publish","hentry"],"yoast_head":"<!-- This site is optimized with the Yoast SEO plugin v24.0 - https:\/\/yoast.com\/wordpress\/plugins\/seo\/ -->\n<title>Licenser - Danoil<\/title>\n<meta name=\"robots\" content=\"index, follow, max-snippet:-1, max-image-preview:large, max-video-preview:-1\" \/>\n<link rel=\"canonical\" href=\"https:\/\/danoil.dk\/da\/licenser\/\" \/>\n<meta property=\"og:locale\" content=\"da_DK\" \/>\n<meta property=\"og:type\" content=\"article\" \/>\n<meta property=\"og:title\" content=\"Licenser - Danoil\" \/>\n<meta property=\"og:url\" content=\"https:\/\/danoil.dk\/da\/licenser\/\" \/>\n<meta property=\"og:site_name\" content=\"Danoil\" \/>\n<meta property=\"article:modified_time\" content=\"2022-06-27T10:54:35+00:00\" \/>\n<meta name=\"twitter:label1\" content=\"Estimeret l\u00e6setid\" \/>\n\t<meta name=\"twitter:data1\" content=\"1 minut\" \/>\n<script type=\"application\/ld+json\" class=\"yoast-schema-graph\">{\"@context\":\"https:\/\/schema.org\",\"@graph\":[{\"@type\":\"WebPage\",\"@id\":\"https:\/\/danoil.dk\/da\/licenser\/\",\"url\":\"https:\/\/danoil.dk\/da\/licenser\/\",\"name\":\"Licenser - Danoil\",\"isPartOf\":{\"@id\":\"https:\/\/danoil.dk\/#website\"},\"datePublished\":\"2014-05-14T17:54:59+00:00\",\"dateModified\":\"2022-06-27T10:54:35+00:00\",\"breadcrumb\":{\"@id\":\"https:\/\/danoil.dk\/da\/licenser\/#breadcrumb\"},\"inLanguage\":\"da-DK\",\"potentialAction\":[{\"@type\":\"ReadAction\",\"target\":[\"https:\/\/danoil.dk\/da\/licenser\/\"]}]},{\"@type\":\"BreadcrumbList\",\"@id\":\"https:\/\/danoil.dk\/da\/licenser\/#breadcrumb\",\"itemListElement\":[{\"@type\":\"ListItem\",\"position\":1,\"name\":\"Home\",\"item\":\"https:\/\/danoil.dk\/da\/\"},{\"@type\":\"ListItem\",\"position\":2,\"name\":\"Licenser\"}]},{\"@type\":\"WebSite\",\"@id\":\"https:\/\/danoil.dk\/#website\",\"url\":\"https:\/\/danoil.dk\/\",\"name\":\"Danoil\",\"description\":\"North sea oil is part of our future\",\"potentialAction\":[{\"@type\":\"SearchAction\",\"target\":{\"@type\":\"EntryPoint\",\"urlTemplate\":\"https:\/\/danoil.dk\/?s={search_term_string}\"},\"query-input\":{\"@type\":\"PropertyValueSpecification\",\"valueRequired\":true,\"valueName\":\"search_term_string\"}}],\"inLanguage\":\"da-DK\"}]}<\/script>\n<!-- \/ Yoast SEO plugin. -->","yoast_head_json":{"title":"Licenser - Danoil","robots":{"index":"index","follow":"follow","max-snippet":"max-snippet:-1","max-image-preview":"max-image-preview:large","max-video-preview":"max-video-preview:-1"},"canonical":"https:\/\/danoil.dk\/da\/licenser\/","og_locale":"da_DK","og_type":"article","og_title":"Licenser - Danoil","og_url":"https:\/\/danoil.dk\/da\/licenser\/","og_site_name":"Danoil","article_modified_time":"2022-06-27T10:54:35+00:00","twitter_misc":{"Estimeret l\u00e6setid":"1 minut"},"schema":{"@context":"https:\/\/schema.org","@graph":[{"@type":"WebPage","@id":"https:\/\/danoil.dk\/da\/licenser\/","url":"https:\/\/danoil.dk\/da\/licenser\/","name":"Licenser - Danoil","isPartOf":{"@id":"https:\/\/danoil.dk\/#website"},"datePublished":"2014-05-14T17:54:59+00:00","dateModified":"2022-06-27T10:54:35+00:00","breadcrumb":{"@id":"https:\/\/danoil.dk\/da\/licenser\/#breadcrumb"},"inLanguage":"da-DK","potentialAction":[{"@type":"ReadAction","target":["https:\/\/danoil.dk\/da\/licenser\/"]}]},{"@type":"BreadcrumbList","@id":"https:\/\/danoil.dk\/da\/licenser\/#breadcrumb","itemListElement":[{"@type":"ListItem","position":1,"name":"Home","item":"https:\/\/danoil.dk\/da\/"},{"@type":"ListItem","position":2,"name":"Licenser"}]},{"@type":"WebSite","@id":"https:\/\/danoil.dk\/#website","url":"https:\/\/danoil.dk\/","name":"Danoil","description":"North sea oil is part of our future","potentialAction":[{"@type":"SearchAction","target":{"@type":"EntryPoint","urlTemplate":"https:\/\/danoil.dk\/?s={search_term_string}"},"query-input":{"@type":"PropertyValueSpecification","valueRequired":true,"valueName":"search_term_string"}}],"inLanguage":"da-DK"}]}},"_links":{"self":[{"href":"https:\/\/danoil.dk\/da\/wp-json\/wp\/v2\/pages\/136","targetHints":{"allow":["GET"]}}],"collection":[{"href":"https:\/\/danoil.dk\/da\/wp-json\/wp\/v2\/pages"}],"about":[{"href":"https:\/\/danoil.dk\/da\/wp-json\/wp\/v2\/types\/page"}],"author":[{"embeddable":true,"href":"https:\/\/danoil.dk\/da\/wp-json\/wp\/v2\/users\/1"}],"replies":[{"embeddable":true,"href":"https:\/\/danoil.dk\/da\/wp-json\/wp\/v2\/comments?post=136"}],"version-history":[{"count":12,"href":"https:\/\/danoil.dk\/da\/wp-json\/wp\/v2\/pages\/136\/revisions"}],"predecessor-version":[{"id":8973,"href":"https:\/\/danoil.dk\/da\/wp-json\/wp\/v2\/pages\/136\/revisions\/8973"}],"wp:attachment":[{"href":"https:\/\/danoil.dk\/da\/wp-json\/wp\/v2\/media?parent=136"}],"curies":[{"name":"wp","href":"https:\/\/api.w.org\/{rel}","templated":true}]}}